{"id":243,"date":"2016-03-23T11:39:23","date_gmt":"2016-03-23T10:39:23","guid":{"rendered":"http:\/\/francofichera.it\/franco-fichera\/profilo\/"},"modified":"2021-03-25T10:18:08","modified_gmt":"2021-03-25T09:18:08","slug":"profilo","status":"publish","type":"page","link":"https:\/\/francofichera.it\/de\/franco-fichera\/profilo\/","title":{"rendered":"Profil"},"content":{"rendered":"\n<div class=\"wp-block-image\"><figure class=\"alignright size-large\"><img loading=\"lazy\" width=\"253\" height=\"160\" src=\"https:\/\/francofichera.it\/wp-content\/uploads\/2016\/03\/foto-1.jpg\" alt=\"\" class=\"wp-image-20\" srcset=\"https:\/\/francofichera.it\/wp-content\/uploads\/2016\/03\/foto-1.jpg 253w, https:\/\/francofichera.it\/wp-content\/uploads\/2016\/03\/foto-1-153x97.jpg 153w, https:\/\/francofichera.it\/wp-content\/uploads\/2016\/03\/foto-1-126x80.jpg 126w, https:\/\/francofichera.it\/wp-content\/uploads\/2016\/03\/foto-1-177x112.jpg 177w, https:\/\/francofichera.it\/wp-content\/uploads\/2016\/03\/foto-1-164x104.jpg 164w\" sizes=\"(max-width: 253px) 100vw, 253px\" \/><\/figure><\/div>\n\n\n\n<p>Franco Fichera, Ordinarius f\u00fcr Steuerrecht, seit dem 1. November 2011 im Ruhestand. Er hat an der Universit\u00e4t von Neapel Federico II, an der Universit\u00e4t von Bologna und der Universit\u00e4t Suor Orsola Benincasa in Neapel gelehrt, wo er zuletzt Dekan der Juristischen Fakult\u00e4t war. Er hat zahlreiche Ver\u00f6ffentlichungen vorgelegt, unter denen hervorzuheben sind: <em>Imposizione ed extrafiscalit\u00e0 nel sistema costituzionale<\/em>, ESI, Napoli 1973; <em>Il governo debole<\/em>, De Donato, Bari 1981, zusammen mit C. Donolo; <em>La politica di bilancio in condizioni di stress fiscale<\/em>, Angeli, Milano 1986 (Hrsg.); <em>Le vie dell\u2019innovazione<\/em>, Feltrinelli, Milano 1988, zusammen mit C. Donolo; <em>Le agevolazioni fiscali<\/em>, Cedam, Padova 1992; <em>Dalla grande riforma alla politica delle istituzioni<\/em>, Cedam, Padova 2007, 2. Auflage, zusammen mit V. Atripaldi; <em>Le belle tasse. Ci\u00f2 che i bambini ci insegnano sul bene comune<\/em>, Einaudi, Torino, 2011. Er ist Redaktionsmitglied der Zeitschrift f\u00fcr Steuerrecht \u201cRassegna tributaria\u201d.<\/p>\n","protected":false},"excerpt":{"rendered":"<p>Franco Fichera, Ordinarius f\u00fcr Steuerrecht, seit dem 1. November 2011 im Ruhestand. Er hat an der Universit\u00e4t von Neapel Federico II, an der Universit\u00e4t von Bologna und der Universit\u00e4t Suor Orsola Benincasa in Neapel gelehrt, wo er zuletzt Dekan der Juristischen Fakult\u00e4t war. Er hat zahlreiche Ver\u00f6ffentlichungen vorgelegt, unter denen<\/p>\n<div class=\"belowpost\"><a class=\"btnmore icon-arrow\" href=\"https:\/\/francofichera.it\/de\/franco-fichera\/profilo\/\"><span>Read More<\/span><\/a><\/div>\n","protected":false},"author":1,"featured_media":0,"parent":241,"menu_order":0,"comment_status":"closed","ping_status":"closed","template":"","meta":[],"acf":[],"_links":{"self":[{"href":"https:\/\/francofichera.it\/de\/wp-json\/wp\/v2\/pages\/243"}],"collection":[{"href":"https:\/\/francofichera.it\/de\/wp-json\/wp\/v2\/pages"}],"about":[{"href":"https:\/\/francofichera.it\/de\/wp-json\/wp\/v2\/types\/page"}],"author":[{"embeddable":true,"href":"https:\/\/francofichera.it\/de\/wp-json\/wp\/v2\/users\/1"}],"replies":[{"embeddable":true,"href":"https:\/\/francofichera.it\/de\/wp-json\/wp\/v2\/comments?post=243"}],"version-history":[{"count":5,"href":"https:\/\/francofichera.it\/de\/wp-json\/wp\/v2\/pages\/243\/revisions"}],"predecessor-version":[{"id":439,"href":"https:\/\/francofichera.it\/de\/wp-json\/wp\/v2\/pages\/243\/revisions\/439"}],"up":[{"embeddable":true,"href":"https:\/\/francofichera.it\/de\/wp-json\/wp\/v2\/pages\/241"}],"wp:attachment":[{"href":"https:\/\/francofichera.it\/de\/wp-json\/wp\/v2\/media?parent=243"}],"curies":[{"name":"wp","href":"https:\/\/api.w.org\/{rel}","templated":true}]}}