{"id":245,"date":"2016-03-23T12:18:03","date_gmt":"2016-03-23T11:18:03","guid":{"rendered":"http:\/\/francofichera.it\/franco-fichera\/curriculum-vitae\/"},"modified":"2021-04-13T15:15:05","modified_gmt":"2021-04-13T13:15:05","slug":"curriculum-vitae","status":"publish","type":"page","link":"https:\/\/francofichera.it\/de\/curriculum-vitae\/","title":{"rendered":"Lebenslauf"},"content":{"rendered":"\n<div class=\"wp-block-image\"><figure class=\"alignright size-large is-resized\"><img loading=\"lazy\" src=\"https:\/\/francofichera.it\/wp-content\/uploads\/2021\/04\/DSC0206-2-1024x735.jpg\" alt=\"\" class=\"wp-image-536\" width=\"256\" height=\"184\" srcset=\"https:\/\/francofichera.it\/wp-content\/uploads\/2021\/04\/DSC0206-2-1024x735.jpg 1024w, https:\/\/francofichera.it\/wp-content\/uploads\/2021\/04\/DSC0206-2-300x215.jpg 300w, https:\/\/francofichera.it\/wp-content\/uploads\/2021\/04\/DSC0206-2-768x551.jpg 768w, https:\/\/francofichera.it\/wp-content\/uploads\/2021\/04\/DSC0206-2-1536x1102.jpg 1536w, https:\/\/francofichera.it\/wp-content\/uploads\/2021\/04\/DSC0206-2-2048x1470.jpg 2048w\" sizes=\"(max-width: 256px) 100vw, 256px\" \/><\/figure><\/div>\n\n\n\n<p>Franco Fichera geboren am 13. Juni 1941 in Frosinone geboren, hat 1965 seinen Universit\u00e4tsabschluss an der Rechtswissenschaftlichen Fakult\u00e4t der Universit\u00e4t von Neapel Federico II gemacht.<\/p>\n\n\n\n<p>1966 wurde er freiwilliger Assistent am Lehrstuhl f\u00fcr Finanzwissenschaft und Finanzrecht an der Rechtswissenschaftlichen Fakult\u00e4t der Universit\u00e4t von Neapel Federico II. Dort erwarb er bei einem Auswahlverfahren 1969 die Bef\u00e4higung zum ordentlichen Assistenten.<\/p>\n\n\n\n<p>Im selben Jahr bestand er die Pr\u00fcfung zum Rechtsanwalt.<\/p>\n\n\n\n<p>1970 gewann er ein viermonatiges Stipendium des DAAD f\u00fcr einen Aufenthalt am Institut f\u00fcr Steuerrecht der Universit\u00e4t Hamburg, wo er 1971 \u00fcber das Thema der Au\u00dferfiskalit\u00e4t forschte.<\/p>\n\n\n\n<p>1971 wurde er ordentlicher Assistent am Lehrstuhl f\u00fcr Finanzwissenschaft und Finanzrecht an der Rechtswissenschaftlichen Fakult\u00e4t der Universit\u00e4t von Neapel Federico II.<\/p>\n\n\n\n<p>1977-78 war er Lehrbeauftragter f\u00fcr Steuerrecht an der Fakult\u00e4t f\u00fcr Wirtschaft und Handel der Universit\u00e4t Bari. Der Lehrauftrag wurde in den folgenden Jahren verl\u00e4ngert.<\/p>\n\n\n\n<p>1979 bekam er ein weiteres Stipendium des DAAD, der ein viermonatige Forschungsvorhaben an der FU Berlin \u00fcber die Politik der Institutionen, mit Schwerpunkt auf den deutschen Erfahrungen, erm\u00f6glichte.<\/p>\n\n\n\n<p>Im Jahr 1982 forschte er zwei Monate lang an der Universit\u00e4t Harvard (Cambridge, USA) \u00fcber die Politik der Institutionen, mit Schwerpunkt auf den amerikanischen Erfahrungen.<\/p>\n\n\n\n<p>Im selben Jahr bekam er nach einem nationalen Auswahlverfahren die Bef\u00e4higung zum Prof. associato f\u00fcr Steuerrecht und hat danach Vergleichende Steuersysteme an der Rechtswissenschaftlichen Fakult\u00e4t der Universit\u00e4t von Neapel Federico II gelehrt.<\/p>\n\n\n\n<p>1984 hat er vier Monate lang zu Themen der Haushaltspolitik, mit Schwerpunkt auf den amerikanischen Erfahrungen in Pittsburgh, Carnegie-Mellon University und in Berkeley, California University geforscht.<\/p>\n\n\n\n<p>1986 hat er an der FU Berlin w\u00e4hrend eines zweimonatigen Aufenthaltes \u00fcber die institutionellen Auswirkungen der Haushaltspolitik gearbeitet.<\/p>\n\n\n\n<p>1988 hat er w\u00e4hrend eines viermonatigen Forschungsaufenthaltes in den USA, am Boston College, in der Law School \u00fcber Steuerverg\u00fcnstigungen gearbeitet, mit Schwerpunkt auf der amerikanischen Tax Expenditures Theory im amerikanischen Steuerrecht.<\/p>\n\n\n\n<p>1991 hat er zwei Monate lang Forschungen zu Steuerverg\u00fcnstigungen an der Universidad de Salamanca, Facultad de Derecho, Seminario de Derecho Financiero y Tributario, mit Schwerpunkt auf der spanischen Erfahrung durchgef\u00fchrt.<\/p>\n\n\n\n<p>Im selben Jahr hat er zwei Monate lang \u00fcber Steuerverg\u00fcnstigungen, mit Schwerpunkt auf dem Steuerrecht der EU, am Gerichtshof der Europ\u00e4ischen Gemeinschaft in Luxemburg gearbeitet.<\/p>\n\n\n\n<p>Er wurde Professor f\u00fcr Steuerrecht an der Fakult\u00e4t f\u00fcr Wirtschaft und Handel an der Universit\u00e4t Bologna; in der Zeit von 1992-1994 als Vertreter des Lehrstuhlinhabers und von 1996 bis 2001 als Lehrstuhlinhaber.<\/p>\n\n\n\n<p>Im akademischen Jahr 1993-94 und in den folgenden Jahren hat er ausserdem an der Scuola di specializzazione in diritto ed economia delle Comunit\u00e0 europee an der Universit\u00e4t von Neapel Federico II einen Kurs \u00fcber Steuerrecht der EU&nbsp; gehalten.<\/p>\n\n\n\n<p>1994 hat er in Amsterdam am International Bureau of Fiscal Documentation einen Studienaufenthalt \u00fcber Themen des europ\u00e4ischen Steuerrechts verbracht.<\/p>\n\n\n\n<p>Vom 1. bis 30. November 1999 hat er auf Einladung von prof. Jos\u00e9 Luis P\u00e9rez de Ayala y L\u00f3pez de Ayala dell\u2019Universit\u00e0 S. Pablo CEU di Madrid, Faculdad de CC. Jur\u00eddicas y de la Administraci\u00f3n, Departamento de Disciplinas Econ\u00f3mico-Financieras verschiedene Seminare, Vorlesungen und Vortr\u00e4ge \u00fcber das Steuerrecht der EU, mit Schwerpunkt auf den steuerrechtlichen Aspekten der EU, der Harmonisierung und den Steuerhilfen der EU.<\/p>\n\n\n\n<p>Im Jahr 2000 hat er nach einem Auswahlverfahren an der Universit\u00e4t von Venedig die Bef\u00e4higung zum Ordinarius bekommen.<\/p>\n\n\n\n<p>Von November 2001 bis zum 31.Oktober 2011 hat er als Ordinarius Steuerrecht an der Rechtswissenschaftlichen Fakult\u00e4t der Universit\u00e4t Suor Orsola Benincasa in Neapel unterrichtet. Ab November 2011 ist er in den Ruhestand versetzt worden.<\/p>\n\n\n\n<p>Im November 2003 wurde er vom Fakult\u00e4tsrat zum Dekan der Fakult\u00e4t gew\u00e4hlt und wurde als solcher bis zum Ruhestand best\u00e4tigt.<\/p>\n\n\n\n<p>Von November 2011 bis Oktober 2012 hat er als Lehrbeauftrager Steuerrecht an der Rechtswissenschaftlichen Fakult\u00e4t der Universit\u00e4t Suor Orsola Benincasa in Neapel gelehrt.<\/p>\n\n\n\n<p>In Bezug auf die internationalen Beziehungen sei darauf verwiesen, dass er als Redner an den Jornadas Colombianas de Derecho Tributario, die im Februar 2003 in Cartagena am Istituto di diritto finanziario e tributario dell\u2019Universidad del Rosario de Bogot\u00e1 stattgefunden haben, beteiligt war. Seine Vortr\u00e4ge bezogen sich auf die Themen der Steuerverg\u00fcnstigungen und die au\u00dferfiskalischen Aspekte von Steuern.<\/p>\n\n\n\n<p>Im Rahmen der Sokrates-Erasmus-Programme wurden w\u00e4hrend seiner Amtszeit von der Fakult\u00e4t Konventionen mit den Professoren Eusebio Gonzalez Garcia, der an der Universit\u00e4t Salamanca an der Rechtswissenschaftlichen Fakult\u00e4t Finanz- und Steuerrecht lehrte, und mit Daniel Gutman, der Steuerrecht an der Rechtswissenschaftlichen Fakult\u00e4t der Universit\u00e4t Panth\u00e9on-Sorbonne (Paris I) lehrt, abgeschlossen.<\/p>\n\n\n\n<p>Zusammen mit Michele Cantillo war er f\u00fcr den Postgraduierten-Kurs in Steuerrecht La formazione del difensore e del giudice tributario, verantwortlich, der 2003-2004 in der Rechtswissenschaftlichen Fakult\u00e4t der Universit\u00e4t Suor Orsola Benincasa in Neapel eingerichtet wurde. Dieser Kurs zielte darauf, die Ausbildung des Steuerverteidigers und -richters zu verbessern, wobei neuartige Methoden nicht nur beim Studium der Steuerthemen bez\u00fcglich des Prozesses, sondern auch in Hinblick auf wesentliche Aspekte angewendet wurden, um sich die Methoden, die in anderen L\u00e4ndern der EU angewendet werden, anzueignen. Die Didaktik baute vor allem auf den Rechtsentscheidungen in Steuerangelegenheiten auf und bezog Vortr\u00e4ge der wichtigsten Spezialisten auf diesem Gebiet, besonders von Universit\u00e4tsprofessoren, bekannten Freiberuflern und Steuerrechtsrichtern, mit ein. Der Kurs wurde mit dem Jahr 2010-2011 nach 8j\u00e4hrigem Bestehen eingestellt.<\/p>\n\n\n\n<p>Er ist Mitglied des Dozentenkollegiums, das f\u00fcr die Ausbildung der Doktoranden in Steuerrecht verantwortlich ist, das von Prof. Francesco Tesauro an der Universit\u00e4t Bicocca in Milano geleitet wird. Zu diesem Zentrum geh\u00f6ren die Universit\u00e4ten von Mailand (Bicocca, die Staatliche Universit\u00e4t und die Katholische Universit\u00e4t) sowie die Universit\u00e4ten von Pavia, Torino, Trieste, Modena, Varese Insubria, Castellanza, die Universit\u00e4t Suor Orsola Benincasa in Neapel und die von Kalabrien.<\/p>\n\n\n\n<p>Von 2005 bis 2011 hat er, zusammen mit Francesco De Sanctis, die Reihe \u201cLezioni magistrali\u201d f\u00fcr den Verlag Editoriale Scientifica in Neapel verantwortet.<\/p>\n\n\n\n<p>Von 2007 bis 2011 hat er, zusammen mit Francesco De Sanctis die Reihe \u201cIurisprudentia\u201d beim gleichen Verlag geleitet.<\/p>\n\n\n\n<p>Seit 2007 ist der Redaktionsmitglied der Zeitschrift f\u00fcr Steuerrecht \u201cRassegna tributaria\u201d.<\/p>\n","protected":false},"excerpt":{"rendered":"<p>Franco Fichera geboren am 13. Juni 1941 in Frosinone geboren, hat 1965 seinen Universit\u00e4tsabschluss an der Rechtswissenschaftlichen Fakult\u00e4t der Universit\u00e4t von Neapel Federico II gemacht. 1966 wurde er freiwilliger Assistent am Lehrstuhl f\u00fcr Finanzwissenschaft und Finanzrecht an der Rechtswissenschaftlichen Fakult\u00e4t der Universit\u00e4t von Neapel Federico II. Dort erwarb er bei<\/p>\n<div class=\"belowpost\"><a class=\"btnmore icon-arrow\" href=\"https:\/\/francofichera.it\/de\/curriculum-vitae\/\"><span>Read More<\/span><\/a><\/div>\n","protected":false},"author":1,"featured_media":0,"parent":0,"menu_order":20,"comment_status":"closed","ping_status":"closed","template":"curriculum.php","meta":[],"acf":[],"_links":{"self":[{"href":"https:\/\/francofichera.it\/de\/wp-json\/wp\/v2\/pages\/245"}],"collection":[{"href":"https:\/\/francofichera.it\/de\/wp-json\/wp\/v2\/pages"}],"about":[{"href":"https:\/\/francofichera.it\/de\/wp-json\/wp\/v2\/types\/page"}],"author":[{"embeddable":true,"href":"https:\/\/francofichera.it\/de\/wp-json\/wp\/v2\/users\/1"}],"replies":[{"embeddable":true,"href":"https:\/\/francofichera.it\/de\/wp-json\/wp\/v2\/comments?post=245"}],"version-history":[{"count":6,"href":"https:\/\/francofichera.it\/de\/wp-json\/wp\/v2\/pages\/245\/revisions"}],"predecessor-version":[{"id":550,"href":"https:\/\/francofichera.it\/de\/wp-json\/wp\/v2\/pages\/245\/revisions\/550"}],"wp:attachment":[{"href":"https:\/\/francofichera.it\/de\/wp-json\/wp\/v2\/media?parent=245"}],"curies":[{"name":"wp","href":"https:\/\/api.w.org\/{rel}","templated":true}]}}