{"id":141,"date":"2016-03-23T14:29:52","date_gmt":"2016-03-23T13:29:52","guid":{"rendered":"http:\/\/francofichera.it\/a-scuola-di-belle-tasse-2\/"},"modified":"2021-03-25T11:17:39","modified_gmt":"2021-03-25T10:17:39","slug":"a-scuola-di-belle-tasse","status":"publish","type":"page","link":"https:\/\/francofichera.it\/es\/a-scuola-di-belle-tasse\/","title":{"rendered":"A CLASE DE \u201cBUENOS IMPUESTOS\u201d"},"content":{"rendered":"\n<div class=\"wp-block-image libroIcon\"><figure class=\"aligncenter size-large\"><a href=\"https:\/\/www.einaudi.it\/catalogo-libri\/senza-materia\/le-belle-tasse-franco-fichera-9788806206192\/\" target=\"_blank\" rel=\"noopener\"><img loading=\"lazy\" width=\"126\" height=\"198\" src=\"https:\/\/francofichera.it\/wp-content\/uploads\/2021\/03\/icon-libro.png\" alt=\"\" class=\"wp-image-449\"\/><\/a><\/figure><\/div>\n\n\n\n<p>\u00abLos impuestos suelen ser vistos como un \u2018mal\u2019, porque consisten en un sacrificio. Decir que los impuestos son buenos genera un poco de sorpresa. Pero \u00bfpor qu\u00e9 son \u2018buenos\u2019 o, en todo caso, se puede decir que son \u2018buenos\u2019? Porque rigen la vida en com\u00fan, son la base de la convivencia civil, en el sentido de que todos somos llamados a concurrir a los gastos p\u00fablicos y, por tanto, a sostener con los impuestos la realizaci\u00f3n de los objetivos colectivos que nos afectan a todos. Y esto solo se puede hacer con los impuestos. As\u00ed pues, son un sacrificio, no hay duda, pero lo son para realizar un inter\u00e9s colectivo.\u00bb<\/p>\n\n\n\n<p><strong>FRANCO FICHERA<br><\/strong>Le belle tasse. Ci\u00f2 che i bambini ci insegnano sul bene comune, Einaudi, Torino, 2011<\/p>\n\n\n\n<div style=\"height:50px\" aria-hidden=\"true\" class=\"wp-block-spacer\"><\/div>\n\n\n\n<div class=\"wp-block-columns\">\n<div class=\"wp-block-column\"><\/div>\n\n\n\n<div class=\"wp-block-column testoTasse\" style=\"flex-basis:75%\">\n<p class=\"has-text-align-right\"><em><em>\u00abLos buenos impuestos\u00bb&nbsp; da cuenta de una iniciativa original realizada con las escuelas de Educaci\u00f3n Primaria de Roma y Tur\u00edn con el objeto de explicar los impuestos a los ni\u00f1os.<\/em><\/em><\/p>\n\n\n\n<p class=\"has-text-align-right\"><em><em>Naci\u00f3 con ello un proyecto para las escuelas con la intenci\u00f3n de promover una \u201ccultura de la tributaci\u00f3n\u201d.<\/em><\/em><\/p>\n\n\n\n<a href=\"https:\/\/www.lebelletasse.com\/\" target=\"_blank\" class=\"linkTasse\" rel=\"noopener\">lebelletasse.com<\/a>\n<\/div>\n<\/div>\n","protected":false},"excerpt":{"rendered":"<p>\u00abLos impuestos suelen ser vistos como un \u2018mal\u2019, porque consisten en un sacrificio. Decir que los impuestos son buenos genera un poco de sorpresa. Pero \u00bfpor qu\u00e9 son \u2018buenos\u2019 o, en todo caso, se puede decir que son \u2018buenos\u2019? Porque rigen la vida en com\u00fan, son la base de la<\/p>\n<div class=\"belowpost\"><a class=\"btnmore icon-arrow\" href=\"https:\/\/francofichera.it\/es\/a-scuola-di-belle-tasse\/\"><span>Read More<\/span><\/a><\/div>\n","protected":false},"author":1,"featured_media":0,"parent":0,"menu_order":20,"comment_status":"closed","ping_status":"closed","template":"","meta":[],"acf":[],"_links":{"self":[{"href":"https:\/\/francofichera.it\/es\/wp-json\/wp\/v2\/pages\/141"}],"collection":[{"href":"https:\/\/francofichera.it\/es\/wp-json\/wp\/v2\/pages"}],"about":[{"href":"https:\/\/francofichera.it\/es\/wp-json\/wp\/v2\/types\/page"}],"author":[{"embeddable":true,"href":"https:\/\/francofichera.it\/es\/wp-json\/wp\/v2\/users\/1"}],"replies":[{"embeddable":true,"href":"https:\/\/francofichera.it\/es\/wp-json\/wp\/v2\/comments?post=141"}],"version-history":[{"count":6,"href":"https:\/\/francofichera.it\/es\/wp-json\/wp\/v2\/pages\/141\/revisions"}],"predecessor-version":[{"id":462,"href":"https:\/\/francofichera.it\/es\/wp-json\/wp\/v2\/pages\/141\/revisions\/462"}],"wp:attachment":[{"href":"https:\/\/francofichera.it\/es\/wp-json\/wp\/v2\/media?parent=141"}],"curies":[{"name":"wp","href":"https:\/\/api.w.org\/{rel}","templated":true}]}}