{"id":90,"date":"2016-03-23T11:39:23","date_gmt":"2016-03-23T10:39:23","guid":{"rendered":"http:\/\/francofichera.it\/?page_id=90"},"modified":"2021-03-29T09:52:10","modified_gmt":"2021-03-29T07:52:10","slug":"perfil","status":"publish","type":"page","link":"https:\/\/francofichera.it\/es\/franco-fichera\/perfil\/","title":{"rendered":"perfil"},"content":{"rendered":"\n<div class=\"wp-block-image\"><figure class=\"alignright size-large\"><img loading=\"lazy\" width=\"253\" height=\"160\" src=\"https:\/\/francofichera.it\/wp-content\/uploads\/2016\/03\/foto-1.jpg\" alt=\"\" class=\"wp-image-20\" srcset=\"https:\/\/francofichera.it\/wp-content\/uploads\/2016\/03\/foto-1.jpg 253w, https:\/\/francofichera.it\/wp-content\/uploads\/2016\/03\/foto-1-153x97.jpg 153w, https:\/\/francofichera.it\/wp-content\/uploads\/2016\/03\/foto-1-126x80.jpg 126w, https:\/\/francofichera.it\/wp-content\/uploads\/2016\/03\/foto-1-177x112.jpg 177w, https:\/\/francofichera.it\/wp-content\/uploads\/2016\/03\/foto-1-164x104.jpg 164w\" sizes=\"(max-width: 253px) 100vw, 253px\" \/><\/figure><\/div>\n\n\n\n<p>Franco Fichera, catedr\u00e1tico de Derecho Tributario, ha ense\u00f1ado en la Universidad Federico II de N\u00e1poles, en la de Bolonia y en la Suor Orsola Benincasa de N\u00e1poles, donde ha sido Presidente de la Facultad de Derecho. Es autor de numerosas publicaciones, entre ellas: <em>Imposizione ed extrafiscalit\u00e0 nel sistema costituzionale<\/em>, ESI, N\u00e1poles 1973; <em>Il governo debole<\/em>, De Donato, Bari 1981 (con C. Donolo); <em>La politica<\/em> <em>di bilancio in condizioni di stress fiscale<\/em>, Angeli, Mil\u00e1n 1986 (ed.); <em>Le vie<\/em> <em>dell\u2019innovazione<\/em>, Feltrinelli, Mil\u00e1n 1988 (con C. Donolo); <em>Le agevolazioni fiscali<\/em>, Cedam, Padua 1992; <em>Dalla grande riforma alla politica delle istituzioni<\/em>, Cedam, Padua 2007, 2\u00aa edici\u00f3n (con V. Atripaldi); <em>Le belle tasse. Ci\u00f2 che i bambini ci<\/em> <em>insegnano sul bene comune<\/em>, Einaudi, Tur\u00edn, 2011. Es miembro de la direcci\u00f3n de \u00abRassegna tributaria\u00bb.<\/p>\n","protected":false},"excerpt":{"rendered":"<p>Franco Fichera, catedr\u00e1tico de Derecho Tributario, ha ense\u00f1ado en la Universidad Federico II de N\u00e1poles, en la de Bolonia y en la Suor Orsola Benincasa de N\u00e1poles, donde ha sido Presidente de la Facultad de Derecho. Es autor de numerosas publicaciones, entre ellas: Imposizione ed extrafiscalit\u00e0 nel sistema costituzionale, ESI,<\/p>\n<div class=\"belowpost\"><a class=\"btnmore icon-arrow\" href=\"https:\/\/francofichera.it\/es\/franco-fichera\/perfil\/\"><span>Read More<\/span><\/a><\/div>\n","protected":false},"author":1,"featured_media":0,"parent":14,"menu_order":0,"comment_status":"closed","ping_status":"closed","template":"","meta":[],"acf":[],"_links":{"self":[{"href":"https:\/\/francofichera.it\/es\/wp-json\/wp\/v2\/pages\/90"}],"collection":[{"href":"https:\/\/francofichera.it\/es\/wp-json\/wp\/v2\/pages"}],"about":[{"href":"https:\/\/francofichera.it\/es\/wp-json\/wp\/v2\/types\/page"}],"author":[{"embeddable":true,"href":"https:\/\/francofichera.it\/es\/wp-json\/wp\/v2\/users\/1"}],"replies":[{"embeddable":true,"href":"https:\/\/francofichera.it\/es\/wp-json\/wp\/v2\/comments?post=90"}],"version-history":[{"count":6,"href":"https:\/\/francofichera.it\/es\/wp-json\/wp\/v2\/pages\/90\/revisions"}],"predecessor-version":[{"id":437,"href":"https:\/\/francofichera.it\/es\/wp-json\/wp\/v2\/pages\/90\/revisions\/437"}],"up":[{"embeddable":true,"href":"https:\/\/francofichera.it\/es\/wp-json\/wp\/v2\/pages\/14"}],"wp:attachment":[{"href":"https:\/\/francofichera.it\/es\/wp-json\/wp\/v2\/media?parent=90"}],"curies":[{"name":"wp","href":"https:\/\/api.w.org\/{rel}","templated":true}]}}