{"id":99,"date":"2016-03-23T12:18:03","date_gmt":"2016-03-23T11:18:03","guid":{"rendered":"http:\/\/francofichera.it\/franco-fichera\/curriculum-vitae\/"},"modified":"2021-04-13T15:15:25","modified_gmt":"2021-04-13T13:15:25","slug":"curriculum-vitae","status":"publish","type":"page","link":"https:\/\/francofichera.it\/es\/curriculum-vitae\/","title":{"rendered":"curriculum vitae"},"content":{"rendered":"\n<div class=\"wp-block-image\"><figure class=\"alignright size-large is-resized\"><img loading=\"lazy\" src=\"https:\/\/francofichera.it\/wp-content\/uploads\/2021\/04\/DSC0206-2-1024x735.jpg\" alt=\"\" class=\"wp-image-536\" width=\"256\" height=\"184\" srcset=\"https:\/\/francofichera.it\/wp-content\/uploads\/2021\/04\/DSC0206-2-1024x735.jpg 1024w, https:\/\/francofichera.it\/wp-content\/uploads\/2021\/04\/DSC0206-2-300x215.jpg 300w, https:\/\/francofichera.it\/wp-content\/uploads\/2021\/04\/DSC0206-2-768x551.jpg 768w, https:\/\/francofichera.it\/wp-content\/uploads\/2021\/04\/DSC0206-2-1536x1102.jpg 1536w, https:\/\/francofichera.it\/wp-content\/uploads\/2021\/04\/DSC0206-2-2048x1470.jpg 2048w\" sizes=\"(max-width: 256px) 100vw, 256px\" \/><\/figure><\/div>\n\n\n\n<p>Franco Fichera, nacido en Frosinone el 13 de junio de 1941, se licenci\u00f3 en 1965 en la Facultad de Derecho de la Universidad Federico II de N\u00e1poles.<\/p>\n\n\n\n<p>En 1966 fue nombrado asistente voluntario en la c\u00e1tedra de Ciencia de las Finanzas y Derecho Financiero de la Facultad de Derecho de la Universidad Federico II de N\u00e1poles.<\/p>\n\n\n\n<p>En 1969 consigui\u00f3 la idoneidad en las oposiciones para un puesto de Ayudante de C\u00e1tedra en la c\u00e1tedra de Ciencia de las Finanzas y Derecho Financiero&nbsp; de la Facultad de Derecho de la Universidad Federico II de N\u00e1poles.<\/p>\n\n\n\n<p>Siempre en 1969 aprob\u00f3 las oposiciones de Procurador legal.<\/p>\n\n\n\n<p>En 1970 consigui\u00f3 una beca del DAAD para un periodo de estudios de cuatro meses en el Instituto de Derecho Tributario de la Universidad de Hamburgo, Rep\u00fablica Federal Alemana, donde en 1971 realiz\u00f3 trabajos de investigaci\u00f3n sobre el tema de la extrafiscalidad.<\/p>\n\n\n\n<p>En 1971 fue nombrado Ayudante de C\u00e1tedra en la c\u00e1tedra de Ciencia de las Finanzas y Derecho Financiero de la Facultad de Derecho de la Universidad Federico II de N\u00e1poles.<\/p>\n\n\n\n<p>En el a\u00f1o acad\u00e9mico 1977-78 fue nombrado profesor encargado, con la concesi\u00f3n de la plaza de ense\u00f1anza de Derecho Tributario, en la Universidad de Econom\u00eda y Comercio de la Universidad de Bari. La plaza fue renovada durante los a\u00f1os siguientes.<\/p>\n\n\n\n<p>En 1979 consigui\u00f3 una beca de estudios del DAAD y efectu\u00f3 investigaciones durante un periodo de cuatro meses en la Freie Universit\u00e4t de Berl\u00edn sobre temas de pol\u00edtica de las instituciones, con especial atenci\u00f3n a la experiencia alemana.<\/p>\n\n\n\n<p>En 1982 efectu\u00f3 investigaciones durante un periodo de dos meses en USA, en la Universidad de Harvard, Cambridge, sobre temas de pol\u00edtica de las instituciones, con especial atenci\u00f3n a la experiencia americana.<\/p>\n\n\n\n<p>En 1982 consigui\u00f3 la idoneidad en las oposiciones de profesor agregado para la agrupaci\u00f3n de Derecho Tributario y, a partir del mismo a\u00f1o, ense\u00f1\u00f3 a tiempo completo Sistemas fiscales comparados en la Facultad de Derecho de la Universidad Federico II de N\u00e1poles.<\/p>\n\n\n\n<p>En 1984 efectu\u00f3 investigaciones durante un periodo de cuatro meses sobre temas del balance del Estado, con especial atenci\u00f3n a la experiencia americana, en la Carnegie-Mellon University de Pittsburgh y en la Universidad di California de Berkeley (USA).<\/p>\n\n\n\n<p>En 1986 efectu\u00f3 investigaciones durante un periodo de dos meses sobre los perfiles institucionales de las pol\u00edticas de balance en la Freie Universit\u00e4t de Berl\u00edn.<\/p>\n\n\n\n<p>En 1988 efectu\u00f3 investigaciones durante un periodo de cuatro meses sobre el tema de las ayudas fiscales, con especial atenci\u00f3n a la Tax Expenditures Theory elaborada por la doctrina de Tax Law americana, en el Boston College, Law School, Boston (USA).<\/p>\n\n\n\n<p>En 1991 efectu\u00f3 investigaciones durante un periodo de dos meses sobre el tema de los beneficios fiscales, con especial atenci\u00f3n a la experiencia espa\u00f1ola, en la Universidad de Salamanca, Facultad de Derecho, Seminario de Derecho Financiero y Tributario.<\/p>\n\n\n\n<p>En 1991 efectu\u00f3 investigaciones durante un periodo de dos meses sobre el tema de los beneficios fiscales, con especial atenci\u00f3n al Derecho Tributario comunitario, en la Corte de Justicia de las Comunidades europeas, Luxemburgo.<\/p>\n\n\n\n<p>Ha sido docente de Derecho Tributario en la Facultad de Econom\u00eda de la Universidad de Bolonia. La primera vez lo hizo, en calidad de suplente, desde 1992 a 1994, y luego, como titular desde 1996 a 2001. Ejerci\u00f3 la docencia a tiempo completo.<\/p>\n\n\n\n<p>En el a\u00f1o acad\u00e9mico 1993-94 y siguientes, sostuvo un curso de Derecho Tributario comunitario en la Escuela de especializaci\u00f3n en derecho y econom\u00eda de las Comunidades europeas de la Universidad Federico II de N\u00e1poles.<\/p>\n\n\n\n<p>En 1994 efectu\u00f3 un periodo de estudios sobre temas de Derecho Tributario comunitario en la IBFD, International Bureau of Fiscal Documentation, de \u00c1msterdam, Holanda.<\/p>\n\n\n\n<p>En el periodo que comprende todo el mes de noviembre de 1999, por invitaci\u00f3n del Profesor Jos\u00e9 Luis P\u00e9rez de Ayala y L\u00f3pez de Ayala de la Universidad S. Pablo CEU di Madrid, Facultad de CC. Jur\u00eddicas y de la Administraci\u00f3n, Departamento de Disciplinas Econ\u00f3mico-Financieras, realiz\u00f3 actividades de seminario, lecciones e intervenciones sobre temas de Derecho Tributario comunitario, con especial atenci\u00f3n a las tem\u00e1ticas fiscales de la Uni\u00f3n europea, a la armonizaci\u00f3n fiscal y a las ayudas fiscales.<\/p>\n\n\n\n<p>En 2000 consigui\u00f3 la idoneidad en las oposiciones para un puesto de catedr\u00e1tico en la Facultad de Econom\u00eda de la Universidad de los Estudios de Venecia, sector disciplinar IUS12, Derecho Tributario.<\/p>\n\n\n\n<p>Desde noviembre de 2001 hasta el 31 de octubre de 2011 ense\u00f1\u00f3, en calidad de catedr\u00e1tico, Derecho Tributario en la Facultad de Derecho de la Universidad Suor Orsola Benincasa de N\u00e1poles. Efectu\u00f3 la docencia a tiempo completo. El 31 de octubre de 2011 dej\u00f3 la c\u00e1tedra por haber alcanzado el l\u00edmite de edad.<\/p>\n\n\n\n<p>En noviembre de 2003,&nbsp; fue elegido por el Consejo de la Facultad de Derecho de la Universidad Suor Orsola Benincasa de N\u00e1poles Presidente de la Facultad. Fue reconfirmado en dicho cargo en 2006 y 2009. El 31de octubre de 2011 el mandato ces\u00f3 por haber alcanzado el l\u00edmite de edad.<\/p>\n\n\n\n<p>Desde noviembre de 2011 hasta el 31 de octubre de 2012 ense\u00f1\u00f3, en calidad de profesor contratado, Derecho Tributario en la Facultad de Derecho de la Universidad Suor Orsola Benincasa de N\u00e1poles.<\/p>\n\n\n\n<p>En el \u00e1mbito de las relaciones internacionales, se se\u00f1ala la participaci\u00f3n en calidad de relator en los trabajos de las Jornadas Colombianas de Derecho Tributario, que tuvieron lugar en Cartagena, y en las iniciativas que se efectuaron en el Instituto de Derecho Financiero y Tributario de la Universidad del Rosario de Bogot\u00e1 en febrero de 2003. Las ponencias se centraron en las tem\u00e1ticas de los beneficios fiscales y de las finalidades extrafiscales de los tributos.<\/p>\n\n\n\n<p>En el cuadro del programa S\u00f3crates-Erasmus, se se\u00f1alan las convenciones con los profesores Eusebio Gonz\u00e1lez Garc\u00eda, que ense\u00f1aba Derecho Financiero y Tributario en la Facultad de Derecho de la Universidad de Salamanca, Daniel Gutman, que ense\u00f1a Derecho Tributario en la Facultad de Derecho de la Universidad Panth\u00e9on-Sorbonne (Paris I) de Par\u00eds, Fernando Serrano Ant\u00f3n, que ense\u00f1a Derecho Financiero y Tributario en la Facultad de Derecho de la Universidad Complutense de Madrid.<\/p>\n\n\n\n<p>Fue codirector, junto con el Presidente Michele Cantillo, de un master de II nivel en Derecho Tributario, \u00abLa formazione del difensore e del giudice tributario\u00bb, instituido en el a\u00f1o acad\u00e9mico 2003-2004 en la Facultad de Derecho de la Universidad de los Estudios Suor Orsola Benincasa. El master, que se centr\u00f3 espec\u00edficamente en la formaci\u00f3n del defensor y del juez tributario, se destacaba por la adopci\u00f3n de un m\u00e9todo innovador para el estudio de las tem\u00e1ticas tributarias no solo procesuales, sino tambi\u00e9n sustanciales, en sinton\u00eda con las metodolog\u00edas actualmente en uso en otros pa\u00edses de la Uni\u00f3n europea. La did\u00e1ctica estaba basada, en efecto, en la casu\u00edstica jurisprudencial tributaria, previendo la intervenci\u00f3n de los m\u00e1s importantes expertos de Derecho Tributario, entre ellos principalmente profesores universitarios, experimentados profesionales y jueces tributarios. El Master se cerr\u00f3 con el a\u00f1o acad\u00e9mico 2010-2011 en su VIII edici\u00f3n.<\/p>\n\n\n\n<p>Es miembro del colegio de docentes del Doctorado en Derecho Tributario dirigido por el profesor Francesco Tesauro e instituido en la Universidad de Mil\u00e1n-Bicocca. En el doctorado participan las siguientes Universidades: Mil\u00e1n-Bicocca, Estatal de Mil\u00e1n, Mil\u00e1n Cattolica, Pavia, Tur\u00edn, Trieste, M\u00f3dena, Varese Insubria, Castellanza, Universidad de los Estudios Suor Orsola Benincasa y Universidad de Calabria.<\/p>\n\n\n\n<p>Desde 2005 hasta 2011 dirigi\u00f3, junto con Francesco De Sanctis, la colecci\u00f3n \u00abLezioni magistrali\u00bb, Editoriale Scientifica, N\u00e1poles.<\/p>\n\n\n\n<p>Desde 2007 hasta 2011 dirigi\u00f3, junto con Francesco De Sanctis, la colecci\u00f3n \u00abIurisprudentia\u00bb, Editoriale Scientifica, N\u00e1poles.<\/p>\n\n\n\n<p>Desde 2007 es miembro de la direcci\u00f3n de la revista de Derecho Tributario \u00abRassegna tributaria\u00bb.<\/p>\n\n\n\n<p>Desde 2011 est\u00e1 jubilado.<\/p>\n","protected":false},"excerpt":{"rendered":"<p>Franco Fichera, nacido en Frosinone el 13 de junio de 1941, se licenci\u00f3 en 1965 en la Facultad de Derecho de la Universidad Federico II de N\u00e1poles. En 1966 fue nombrado asistente voluntario en la c\u00e1tedra de Ciencia de las Finanzas y Derecho Financiero de la Facultad de Derecho de<\/p>\n<div class=\"belowpost\"><a class=\"btnmore icon-arrow\" href=\"https:\/\/francofichera.it\/es\/curriculum-vitae\/\"><span>Read More<\/span><\/a><\/div>\n","protected":false},"author":1,"featured_media":0,"parent":0,"menu_order":20,"comment_status":"closed","ping_status":"closed","template":"curriculum.php","meta":[],"acf":[],"_links":{"self":[{"href":"https:\/\/francofichera.it\/es\/wp-json\/wp\/v2\/pages\/99"}],"collection":[{"href":"https:\/\/francofichera.it\/es\/wp-json\/wp\/v2\/pages"}],"about":[{"href":"https:\/\/francofichera.it\/es\/wp-json\/wp\/v2\/types\/page"}],"author":[{"embeddable":true,"href":"https:\/\/francofichera.it\/es\/wp-json\/wp\/v2\/users\/1"}],"replies":[{"embeddable":true,"href":"https:\/\/francofichera.it\/es\/wp-json\/wp\/v2\/comments?post=99"}],"version-history":[{"count":6,"href":"https:\/\/francofichera.it\/es\/wp-json\/wp\/v2\/pages\/99\/revisions"}],"predecessor-version":[{"id":551,"href":"https:\/\/francofichera.it\/es\/wp-json\/wp\/v2\/pages\/99\/revisions\/551"}],"wp:attachment":[{"href":"https:\/\/francofichera.it\/es\/wp-json\/wp\/v2\/media?parent=99"}],"curies":[{"name":"wp","href":"https:\/\/api.w.org\/{rel}","templated":true}]}}