{"id":200,"date":"2016-03-23T11:39:23","date_gmt":"2016-03-23T10:39:23","guid":{"rendered":"http:\/\/francofichera.it\/franco-fichera\/profilo\/"},"modified":"2021-03-25T10:17:19","modified_gmt":"2021-03-25T09:17:19","slug":"profilo","status":"publish","type":"page","link":"https:\/\/francofichera.it\/fr\/franco-fichera\/profilo\/","title":{"rendered":"profil"},"content":{"rendered":"\n<div class=\"wp-block-image\"><figure class=\"alignright size-large\"><img loading=\"lazy\" width=\"253\" height=\"160\" src=\"https:\/\/francofichera.it\/wp-content\/uploads\/2016\/03\/foto-1.jpg\" alt=\"\" class=\"wp-image-20\" srcset=\"https:\/\/francofichera.it\/wp-content\/uploads\/2016\/03\/foto-1.jpg 253w, https:\/\/francofichera.it\/wp-content\/uploads\/2016\/03\/foto-1-153x97.jpg 153w, https:\/\/francofichera.it\/wp-content\/uploads\/2016\/03\/foto-1-126x80.jpg 126w, https:\/\/francofichera.it\/wp-content\/uploads\/2016\/03\/foto-1-177x112.jpg 177w, https:\/\/francofichera.it\/wp-content\/uploads\/2016\/03\/foto-1-164x104.jpg 164w\" sizes=\"(max-width: 253px) 100vw, 253px\" \/><\/figure><\/div>\n\n\n\n<p>Franco Fichera, professeur universitaire de droit fiscal, est \u00e0 la retraite depuis le 1er novembre 2012. Il a enseign\u00e9 \u00e0 l\u2019universit\u00e9 \u00abFederico II\u00bb de Naples, \u00e0 l\u2019universit\u00e9 de Bologne et \u00e0 l\u2019universit\u00e9 \u00abSuor Orsola Benincasa\u00bb de Naples, o\u00f9 il a \u00e9t\u00e9 doyen de la facult\u00e9 de droit. Il est l\u2019auteur de nombreuses publications, en particulier: <em>Imposizione ed extrafiscalit\u00e0 nel sistema costituzionale<\/em>, Naples, ESI, 1973; <em>Il governo debole<\/em>, Bari, De Donato, 1981 (avec C. Donolo); <em>La politica di bilancio in condizioni di stress fiscale<\/em>, Milan, Angeli, 1986 (sous la direction de); <em>Le vie dell\u2019innovazione,<\/em> Milan, Feltrinelli, 1988 (avec C. Donolo); <em>Le agevolazioni fiscali<\/em>, Padoue, Cedam, 1992; <em>Dalla grande riforma alla politica delle istituzioni<\/em>, Padoue, Cedam, 2007, 2e \u00e9dition (avec V. Atripaldi); <em>Le belle tasse. Ci\u00f2 che i bambini ci insegnano sul bene comune<\/em>, Turin, Einaudi, 2011. Il est membre de la direction de la revue \u00abRassegna tributaria\u00bb.<\/p>\n","protected":false},"excerpt":{"rendered":"<p>Franco Fichera, professeur universitaire de droit fiscal, est \u00e0 la retraite depuis le 1er novembre 2012. Il a enseign\u00e9 \u00e0 l\u2019universit\u00e9 \u00abFederico II\u00bb de Naples, \u00e0 l\u2019universit\u00e9 de Bologne et \u00e0 l\u2019universit\u00e9 \u00abSuor Orsola Benincasa\u00bb de Naples, o\u00f9 il a \u00e9t\u00e9 doyen de la facult\u00e9 de droit. Il est l\u2019auteur<\/p>\n<div class=\"belowpost\"><a class=\"btnmore icon-arrow\" href=\"https:\/\/francofichera.it\/fr\/franco-fichera\/profilo\/\"><span>Read More<\/span><\/a><\/div>\n","protected":false},"author":1,"featured_media":0,"parent":198,"menu_order":0,"comment_status":"closed","ping_status":"closed","template":"","meta":[],"acf":[],"_links":{"self":[{"href":"https:\/\/francofichera.it\/fr\/wp-json\/wp\/v2\/pages\/200"}],"collection":[{"href":"https:\/\/francofichera.it\/fr\/wp-json\/wp\/v2\/pages"}],"about":[{"href":"https:\/\/francofichera.it\/fr\/wp-json\/wp\/v2\/types\/page"}],"author":[{"embeddable":true,"href":"https:\/\/francofichera.it\/fr\/wp-json\/wp\/v2\/users\/1"}],"replies":[{"embeddable":true,"href":"https:\/\/francofichera.it\/fr\/wp-json\/wp\/v2\/comments?post=200"}],"version-history":[{"count":5,"href":"https:\/\/francofichera.it\/fr\/wp-json\/wp\/v2\/pages\/200\/revisions"}],"predecessor-version":[{"id":438,"href":"https:\/\/francofichera.it\/fr\/wp-json\/wp\/v2\/pages\/200\/revisions\/438"}],"up":[{"embeddable":true,"href":"https:\/\/francofichera.it\/fr\/wp-json\/wp\/v2\/pages\/198"}],"wp:attachment":[{"href":"https:\/\/francofichera.it\/fr\/wp-json\/wp\/v2\/media?parent=200"}],"curies":[{"name":"wp","href":"https:\/\/api.w.org\/{rel}","templated":true}]}}