{"id":202,"date":"2016-03-23T12:18:03","date_gmt":"2016-03-23T11:18:03","guid":{"rendered":"http:\/\/francofichera.it\/franco-fichera\/curriculum-vitae\/"},"modified":"2021-04-13T15:14:36","modified_gmt":"2021-04-13T13:14:36","slug":"curriculum-vitae","status":"publish","type":"page","link":"https:\/\/francofichera.it\/fr\/curriculum-vitae\/","title":{"rendered":"curriculum vitae"},"content":{"rendered":"\n<div class=\"wp-block-image\"><figure class=\"alignright size-large is-resized\"><img loading=\"lazy\" src=\"https:\/\/francofichera.it\/wp-content\/uploads\/2021\/04\/DSC0206-2-1024x735.jpg\" alt=\"\" class=\"wp-image-536\" width=\"256\" height=\"184\" srcset=\"https:\/\/francofichera.it\/wp-content\/uploads\/2021\/04\/DSC0206-2-1024x735.jpg 1024w, https:\/\/francofichera.it\/wp-content\/uploads\/2021\/04\/DSC0206-2-300x215.jpg 300w, https:\/\/francofichera.it\/wp-content\/uploads\/2021\/04\/DSC0206-2-768x551.jpg 768w, https:\/\/francofichera.it\/wp-content\/uploads\/2021\/04\/DSC0206-2-1536x1102.jpg 1536w, https:\/\/francofichera.it\/wp-content\/uploads\/2021\/04\/DSC0206-2-2048x1470.jpg 2048w\" sizes=\"(max-width: 256px) 100vw, 256px\" \/><\/figure><\/div>\n\n\n\n<p>Franco Fichera est n\u00e9 \u00e0 Frosinone le 13 juin 1941. En 1965, il termine ses \u00e9tudes \u00e0 la facult\u00e9 de droit de l\u2019universit\u00e9 de Naples \u00abFederico II\u00bb.<\/p>\n\n\n\n<p>En 1966, il est nomm\u00e9 assistant volontaire aupr\u00e8s de la chaire de science des finances et de droit financier \u00e0 la facult\u00e9 de droit de l\u2019universit\u00e9 de Naples \u00abFederico II\u00bb.<\/p>\n\n\n\n<p>En 1969, il passe le concours pour un poste d\u2019assistant ordinaire aupr\u00e8s de la chaire de science des finances et de droit financier de la facult\u00e9 de droit de l\u2019universit\u00e9 de Naples \u00abFederico II\u00bb.<\/p>\n\n\n\n<p>La m\u00eame ann\u00e9e, il passe le concours d\u2019avocat.<\/p>\n\n\n\n<p>En 1970, il obtient une bourse du DAAD pour une p\u00e9riode d\u2019\u00e9tudes de quatre mois \u00e0 l\u2019institut de droit fiscal de l\u2019universit\u00e9 de Hambourg (RFA), o\u00f9 il effectue des recherches en 1971 sur le probl\u00e8me de l\u2019&nbsp;\u00abextra-fiscalit\u00e9\u00bb.<\/p>\n\n\n\n<p>En 1971, il est nomm\u00e9 assistant ordinaire aupr\u00e8s de la chaire de science des finances et de droit financier de la facult\u00e9 de droit de l\u2019universit\u00e9 de Naples \u00abFederico II\u00bb.<\/p>\n\n\n\n<p>Pendant l\u2019ann\u00e9e universitaire 1977-1978, il est nomm\u00e9 charg\u00e9 de cours pour l\u2019enseignement de droit fiscal \u00e0 la facult\u00e9 d\u2019\u00e9conomie de l\u2019universit\u00e9 de Bari. Cette nomination est confirm\u00e9e les ann\u00e9es suivantes.<\/p>\n\n\n\n<p>En 1979, il obtient une bourse du DAAD pour effectuer des recherches pendant une p\u00e9riode de quatre mois \u00e0 la Freie Universit\u00e4t de Berlin portant sur des questions de politique des institutions, concernant en particulier l\u2019exp\u00e9rience allemande.<\/p>\n\n\n\n<p>En 1982, il effectue des recherches pendant une p\u00e9riode de deux mois aux \u00c9tats-Unis, \u00e0 l\u2019universit\u00e9 de Harvard, Cambridge, portant sur des questions de politique des institutions, concernant en particulier l\u2019exp\u00e9rience am\u00e9ricaine.<\/p>\n\n\n\n<p>En 1982, il passe le concours de ma\u00eetre de conf\u00e9rences pour le regroupement de droit fiscal ; \u00e0 partir de la m\u00eame ann\u00e9e, il enseigne \u00e0 temps plein les \u00absyst\u00e8mes fiscaux compar\u00e9s\u00bb \u00e0 la facult\u00e9 de droit de l\u2019universit\u00e9 de Naples \u00abFederico II\u00bb.<\/p>\n\n\n\n<p>En 1984, il effectue des recherches pendant une p\u00e9riode de quatre mois aux \u00c9tats-Unis, \u00e0 la Carnegie-Mellon University de Pittsburgh et \u00e0 l\u2019University of California de Berkeley, portant sur des questions li\u00e9es au budget de l\u2019\u00c9tat, concernant en particulier l\u2019exp\u00e9rience am\u00e9ricaine.<\/p>\n\n\n\n<p>En 1986, il effectue des recherches pendant une p\u00e9riode de deux mois \u00e0 la Freie Universit\u00e4t de Berlin, portant sur les aspects institutionnels des politiques budg\u00e9taires.<\/p>\n\n\n\n<p>En 1988, il effectue des recherches pendant une p\u00e9riode de quatre mois sur la question des incitations fiscales, concernant en particulier la Tax Expanditures Theory \u00e9labor\u00e9e \u00e0 partir de la doctrine de la Tax Law am\u00e9ricaine, au Boston College, Law School, Boston, \u00c9tats-Unis.<\/p>\n\n\n\n<p>En 1991, il effectue des recherches pendant une p\u00e9riode de deux mois sur la question des incitations fiscales, concernant en particulier l\u2019exp\u00e9rience espagnole, \u00e0 l\u2019Universidad de Salamanca, Facultad de Derecho, Seminario de Derecho Financiero y Tributario.<\/p>\n\n\n\n<p>En 1991, il effectue des recherches pendant une p\u00e9riode deux mois sur la question des incitations fiscales, en particulier en rapport avec le droit fiscal europ\u00e9en, \u00e0 la Cour de justice de l&rsquo;Union europ\u00e9enne, \u00e0 Luxembourg.<\/p>\n\n\n\n<p>Il est professeur de droit fiscal \u00e0 la facult\u00e9 d\u2019\u00e9conomie de l\u2019universit\u00e9 de Bologne, d\u2019abord en qualit\u00e9 de suppl\u00e9ant, de 1992 \u00e0 1994, puis comme titulaire, de 1996 \u00e0 2001. Il effectue cet enseignement \u00e0 temps plein.<\/p>\n\n\n\n<p>Pendant l\u2019ann\u00e9e universitaire 1993-1994 et au cours des ann\u00e9es suivantes, il tient un cours de droit fiscal communautaire \u00e0 l\u2019\u00e9cole de sp\u00e9cialisation en droit et \u00e9conomie des Communaut\u00e9s europ\u00e9ennes de l\u2019universit\u00e9 de Naples \u00abFederico II\u00bb.<\/p>\n\n\n\n<p>En 1994, il effectue une p\u00e9riode d\u2019\u00e9tudes sur la question du droit fiscal communautaire \u00e0 l\u2019IBFD, International Bureau of Fiscal Documentation, \u00e0 Amsterdam (Pays-Bas).<\/p>\n\n\n\n<p>Au cours de la p\u00e9riode allant du 1er au 30 novembre 1999, \u00e0 l\u2019invitation du professeur Jos\u00e9 Luis P\u00e9rez de Ayala y L\u00f3pez de Ayala de l\u2019universit\u00e9 S. Pablo CEU de Madrid, Facultad de CC. Jur\u00eddicas y de la Administraci\u00f3n, Departamento de Disciplinas Econ\u00f3mico-Financieras, il tient des s\u00e9minaires et des cours et effectue des interventions portant sur des aspects du droit fiscal communautaire, concernant en particulier les th\u00e9matiques fiscales de l\u2019Union europ\u00e9enne, l\u2019harmonisation fiscale et les aides fiscales.<\/p>\n\n\n\n<p>En 2000, il passe le concours pour un poste de professeur des universit\u00e9s \u00e0 la facult\u00e9 d\u2019\u00e9conomie de l\u2019universit\u00e9 de Venise, secteur disciplinaire IUS 12, droit fiscal.<\/p>\n\n\n\n<p>De novembre 2001 au 31 octobre 2011, il enseigne en qualit\u00e9 de professeur des universit\u00e9s le droit fiscal \u00e0 la facult\u00e9 de droit de l\u2019universit\u00e9 Suor Orsola Benincasa de Naples. Il effectue cet enseignement \u00e0 temps plein. Le 31 octobre 2011, il atteint l\u2019\u00e2ge de la retraite et quitte sa chaire.<\/p>\n\n\n\n<p>En novembre 2003, il est \u00e9lu doyen de la facult\u00e9 par le conseil de la facult\u00e9 de droit de l\u2019universit\u00e9 Suor Orsola Benincasa de Naples. Il est confirm\u00e9 dans cette fonction en 2006 et en 2009. Ce mandat arrive \u00e0 \u00e9ch\u00e9ance le 31 octobre 2011 en raison de la limite d\u2019\u00e2ge.<\/p>\n\n\n\n<p>De novembre 2011 au 31 octobre 2012, il enseigne en qualit\u00e9 de professeur contractuel le droit fiscal \u00e0 la facult\u00e9 de droit de l\u2019universit\u00e9 Suor Orsola Benincasa de Naples.<\/p>\n\n\n\n<p>Dans le cadre des relations internationales, il participe en qualit\u00e9 d\u2019intervenant aux Jornadas Colombianas de Derecho Tributario, organis\u00e9es \u00e0 Carthag\u00e8ne, ainsi qu\u2019aux initiatives promues par l\u2019Institut de droit financier et fiscal de l\u2019Universidad del Rosario de Bogot\u00e1 en f\u00e9vrier 2003. Ces interventions portent sur la question des incitations fiscales et des finalit\u00e9s extra-fiscales des imp\u00f4ts.<\/p>\n\n\n\n<p>Dans le cadre du programme Socrates-Erasmus, signalons les conventions sign\u00e9es avec les professeurs Eusebio Gonzalez Garcia, titulaire de l\u2019enseignement de droit financier et fiscal \u00e0 la facult\u00e9 de droit de l\u2019universit\u00e9 de Salamanque, Daniel Gutman, titulaire de l\u2019enseignement de droit fiscal \u00e0 facult\u00e9 de droit de l\u2019universit\u00e9 de Panth\u00e9on-Sorbonne (Paris I) de Paris, Fernando Serrano Ant\u00f3n, titulaire de l\u2019enseignement de droit financier et fiscal \u00e0 la facult\u00e9 de droit de l\u2019universit\u00e9 Complutense de Madrid. Avec le pr\u00e9sident Michele Cantillo, il a \u00e9t\u00e9 co-directeur d\u2019un master de IIe niveau en droit fiscal \u2013 \u00abLa formation de l\u2019avocat et du juge fiscaliste\u00bb \u2013, institu\u00e9 pendant l\u2019ann\u00e9e universitaire 2003-2004 \u00e0 la facult\u00e9 de droit de l\u2019universit\u00e9 Suor Orsola Benincasa. Ce master, qui visait de mani\u00e8re sp\u00e9cifique la formation de l\u2019avocat et du juge fiscaliste, \u00e9tait caract\u00e9ris\u00e9 par l\u2019adoption d\u2019une m\u00e9thode novatrice pour l\u2019\u00e9tude des th\u00e9matiques fiscales, dans le cadre du proc\u00e8s, mais aussi du point de vue de la substance, en accord avec les m\u00e9thodologies actuellement en usage dans d\u2019autres pays de l\u2019Union europ\u00e9enne: l\u2019enseignement \u00e9tait en effet fond\u00e9 sur les cas de la jurisprudence fiscale et pr\u00e9voyait l\u2019intervention des plus importants experts de droit fiscal, surtout des professeurs des universit\u00e9s, des professionnels exp\u00e9riment\u00e9s et des juges fiscaux. Ce master, arriv\u00e9 \u00e0 sa VIIIe \u00e9dition, s\u2019est achev\u00e9 \u00e0 la fin de l\u2019ann\u00e9e universitaire 2010-2011.<\/p>\n\n\n\n<p>Il est membre du coll\u00e8ge des professeurs du doctorat en droit fiscal dirig\u00e9 par le professeur Francesco Tesauro et institu\u00e9 \u00e0 l\u2019universit\u00e9 Milano-Bicocca. Ce doctorat r\u00e9unit les universit\u00e9s suivantes: Milano-Bicocca, Milano Statale, Milano Cattolica, Pavie, Turin, Trieste, Mod\u00e8ne, Var\u00e8se Insubria, Castellanza, universit\u00e9 Suor Orsola Benincasa de Naples et universit\u00e9 de la Calabre.<\/p>\n\n\n\n<p>De 2005 \u00e0 2011, il dirige avec Francesco De Sanctis la collection \u00abLezioni magistrali\u00bb, Naples, Editoriale Scientifica.<\/p>\n\n\n\n<p>De 2007 \u00e0 2011, il dirige avec Francesco De Sanctis la collection \u00abIurisprudentia\u00bb, Naples, Editoriale Scientifica.<\/p>\n\n\n\n<p>Depuis 2007, il est membre de la direction de la revue de droit fiscal \u00abRassegna tributaria\u00bb.<\/p>\n\n\n\n<p>Il est \u00e0 la retraite depuis 2011.<\/p>\n","protected":false},"excerpt":{"rendered":"<p>Franco Fichera est n\u00e9 \u00e0 Frosinone le 13 juin 1941. En 1965, il termine ses \u00e9tudes \u00e0 la facult\u00e9 de droit de l\u2019universit\u00e9 de Naples \u00abFederico II\u00bb. En 1966, il est nomm\u00e9 assistant volontaire aupr\u00e8s de la chaire de science des finances et de droit financier \u00e0 la facult\u00e9 de<\/p>\n<div class=\"belowpost\"><a class=\"btnmore icon-arrow\" href=\"https:\/\/francofichera.it\/fr\/curriculum-vitae\/\"><span>Read More<\/span><\/a><\/div>\n","protected":false},"author":1,"featured_media":0,"parent":0,"menu_order":20,"comment_status":"closed","ping_status":"closed","template":"curriculum.php","meta":[],"acf":[],"_links":{"self":[{"href":"https:\/\/francofichera.it\/fr\/wp-json\/wp\/v2\/pages\/202"}],"collection":[{"href":"https:\/\/francofichera.it\/fr\/wp-json\/wp\/v2\/pages"}],"about":[{"href":"https:\/\/francofichera.it\/fr\/wp-json\/wp\/v2\/types\/page"}],"author":[{"embeddable":true,"href":"https:\/\/francofichera.it\/fr\/wp-json\/wp\/v2\/users\/1"}],"replies":[{"embeddable":true,"href":"https:\/\/francofichera.it\/fr\/wp-json\/wp\/v2\/comments?post=202"}],"version-history":[{"count":6,"href":"https:\/\/francofichera.it\/fr\/wp-json\/wp\/v2\/pages\/202\/revisions"}],"predecessor-version":[{"id":549,"href":"https:\/\/francofichera.it\/fr\/wp-json\/wp\/v2\/pages\/202\/revisions\/549"}],"wp:attachment":[{"href":"https:\/\/francofichera.it\/fr\/wp-json\/wp\/v2\/media?parent=202"}],"curies":[{"name":"wp","href":"https:\/\/api.w.org\/{rel}","templated":true}]}}